{"id":398,"date":"2025-02-18T15:51:33","date_gmt":"2025-02-18T14:51:33","guid":{"rendered":"https:\/\/capital.043test.nl\/?page_id=398"},"modified":"2025-03-21T19:09:10","modified_gmt":"2025-03-21T18:09:10","slug":"groupes","status":"publish","type":"page","link":"https:\/\/cafebrasseriecapital.nl\/fr\/groepen\/","title":{"rendered":"Groupes"},"content":{"rendered":"<div data-elementor-type=\"wp-page\" data-elementor-id=\"398\" class=\"elementor elementor-398\" data-elementor-post-type=\"page\">\n\t\t\t\t<div class=\"elementor-element elementor-element-2c43c261 e-flex e-con-boxed e-con e-parent\" data-id=\"2c43c261\" data-element_type=\"container\" data-e-type=\"container\" data-settings=\"{&quot;background_background&quot;:&quot;classic&quot;,&quot;jet_parallax_layout_list&quot;:[]}\">\n\t\t\t\t\t<div class=\"e-con-inner\">\n\t\t<div class=\"elementor-element elementor-element-31e784da e-con-full e-flex elementor-invisible e-con e-child\" data-id=\"31e784da\" data-element_type=\"container\" data-e-type=\"container\" data-settings=\"{&quot;background_background&quot;:&quot;classic&quot;,&quot;animation&quot;:&quot;fadeIn&quot;,&quot;animation_delay&quot;:400,&quot;jet_parallax_layout_list&quot;:[]}\">\n\t\t\t\t<div class=\"elementor-element elementor-element-1fa6a2cd elementor-widget-divider--view-line elementor-widget elementor-widget-divider\" data-id=\"1fa6a2cd\" data-element_type=\"widget\" data-e-type=\"widget\" data-widget_type=\"divider.default\">\n\t\t\t\t<div class=\"elementor-widget-container\">\n\t\t\t\t\t\t\t<div class=\"elementor-divider\">\n\t\t\t<span class=\"elementor-divider-separator\">\n\t\t\t\t\t\t<\/span>\n\t\t<\/div>\n\t\t\t\t\t\t<\/div>\n\t\t\t\t<\/div>\n\t\t\t\t<\/div>\n\t\t\t\t\t<\/div>\n\t\t\t\t<\/div>\n\t\t<div class=\"elementor-element elementor-element-7ad90107 e-flex e-con-boxed e-con e-parent\" data-id=\"7ad90107\" data-element_type=\"container\" data-e-type=\"container\" data-settings=\"{&quot;jet_parallax_layout_list&quot;:[],&quot;background_background&quot;:&quot;classic&quot;}\">\n\t\t\t\t\t<div class=\"e-con-inner\">\n\t\t<div class=\"elementor-element elementor-element-5a533320 e-con-full e-flex e-con e-child\" data-id=\"5a533320\" data-element_type=\"container\" data-e-type=\"container\" data-settings=\"{&quot;jet_parallax_layout_list&quot;:[]}\">\n\t\t<div class=\"elementor-element elementor-element-4c2f86c9 e-con-full e-flex e-con e-child\" data-id=\"4c2f86c9\" data-element_type=\"container\" data-e-type=\"container\" data-settings=\"{&quot;jet_parallax_layout_list&quot;:[]}\">\n\t\t\t\t<div class=\"elementor-element elementor-element-31e6db3b elementor-invisible elementor-widget elementor-widget-text-editor\" data-id=\"31e6db3b\" data-element_type=\"widget\" data-e-type=\"widget\" data-settings=\"{&quot;_animation&quot;:&quot;fadeIn&quot;}\" data-widget_type=\"text-editor.default\">\n\t\t\t\t<div class=\"elementor-widget-container\">\n\t\t\t\t\t\t\t\t\t<p>CHAMBRE CAPITAL<\/p>\t\t\t\t\t\t\t\t<\/div>\n\t\t\t\t<\/div>\n\t\t\t\t<div class=\"elementor-element elementor-element-291663a2 elementor-widget__width-initial elementor-widget-mobile__width-inherit elementor-invisible elementor-widget elementor-widget-heading\" data-id=\"291663a2\" data-element_type=\"widget\" data-e-type=\"widget\" data-settings=\"{&quot;_animation&quot;:&quot;fadeIn&quot;,&quot;_animation_delay&quot;:200}\" data-widget_type=\"heading.default\">\n\t\t\t\t<div class=\"elementor-widget-container\">\n\t\t\t\t\t<h2 class=\"elementor-heading-title elementor-size-default\">Sp\u00e9cial pour les groupes<\/h2>\t\t\t\t<\/div>\n\t\t\t\t<\/div>\n\t\t\t\t<div class=\"elementor-element elementor-element-10dc8dc0 elementor-invisible elementor-widget elementor-widget-text-editor\" data-id=\"10dc8dc0\" data-element_type=\"widget\" data-e-type=\"widget\" data-settings=\"{&quot;_animation&quot;:&quot;fadeIn&quot;,&quot;_animation_delay&quot;:400}\" data-widget_type=\"text-editor.default\">\n\t\t\t\t<div class=\"elementor-widget-container\">\n\t\t\t\t\t\t\t\t\t<p>Nous sommes fiers de vous pr\u00e9senter notre espace magnifiquement r\u00e9nov\u00e9 au premier \u00e9tage de Capital Maastricht. Un cadre \u00e9l\u00e9gant et intime, parfait pour des d\u00eeners exclusifs avec une soci\u00e9t\u00e9 s\u00e9lectionn\u00e9e ou des r\u00e9unions d'affaires (d\u00e9jeuner).<\/p><p>Notre espace est enti\u00e8rement \u00e9quip\u00e9 et se pr\u00eate parfaitement au march\u00e9 des affaires ainsi qu'aux amis, \u00e0 la famille ou \u00e0 d'autres occasions sp\u00e9ciales. Profitez d'une ambiance unique et d'une vue imprenable dans un emplacement de choix au c\u0153ur de Maastricht.<\/p><p>Renseignez-vous sur nos menus saisonniers sp\u00e9ciaux pour les groupes. Pour plus d'informations et pour r\u00e9server, envoyez un courriel \u00e0 contact@cafebrasseriecapital.nl ou appelez +31438552607.<\/p>\t\t\t\t\t\t\t\t<\/div>\n\t\t\t\t<\/div>\n\t\t\t\t<div class=\"elementor-element elementor-element-31304b1 elementor-align-left elementor-invisible elementor-widget elementor-widget-button\" data-id=\"31304b1\" data-element_type=\"widget\" data-e-type=\"widget\" data-settings=\"{&quot;_animation&quot;:&quot;fadeIn&quot;,&quot;_animation_delay&quot;:600}\" data-widget_type=\"button.default\">\n\t\t\t\t<div class=\"elementor-widget-container\">\n\t\t\t\t\t\t\t\t\t<div class=\"elementor-button-wrapper\">\n\t\t\t\t\t<a class=\"elementor-button elementor-button-link elementor-size-sm\" href=\"https:\/\/cafebrasseriecapital.nl\/fr\/contact\/\">\n\t\t\t\t\t\t<span class=\"elementor-button-content-wrapper\">\n\t\t\t\t\t\t\t\t\t<span class=\"elementor-button-text\">Prendre contact<\/span>\n\t\t\t\t\t<\/span>\n\t\t\t\t\t<\/a>\n\t\t\t\t<\/div>\n\t\t\t\t\t\t\t\t<\/div>\n\t\t\t\t<\/div>\n\t\t\t\t<div class=\"elementor-element elementor-element-507dadb1 elementor-invisible elementor-widget elementor-widget-image\" data-id=\"507dadb1\" data-element_type=\"widget\" data-e-type=\"widget\" data-settings=\"{&quot;_animation&quot;:&quot;fadeIn&quot;,&quot;_animation_delay&quot;:600}\" data-widget_type=\"image.default\">\n\t\t\t\t<div class=\"elementor-widget-container\">\n\t\t\t\t\t\t\t\t\t\t\t\t\t\t\t<img fetchpriority=\"high\" decoding=\"async\" width=\"800\" height=\"575\" src=\"https:\/\/cafebrasseriecapital.nl\/wp-content\/uploads\/2025\/03\/2-1024x736.jpg\" class=\"attachment-large size-large wp-image-791\" alt=\"\" srcset=\"https:\/\/cafebrasseriecapital.nl\/wp-content\/uploads\/2025\/03\/2-1024x736.jpg 1024w, https:\/\/cafebrasseriecapital.nl\/wp-content\/uploads\/2025\/03\/2-300x216.jpg 300w, https:\/\/cafebrasseriecapital.nl\/wp-content\/uploads\/2025\/03\/2-768x552.jpg 768w, https:\/\/cafebrasseriecapital.nl\/wp-content\/uploads\/2025\/03\/2-1536x1104.jpg 1536w, https:\/\/cafebrasseriecapital.nl\/wp-content\/uploads\/2025\/03\/2-18x12.jpg 18w, https:\/\/cafebrasseriecapital.nl\/wp-content\/uploads\/2025\/03\/2.jpg 1600w\" sizes=\"(max-width: 800px) 100vw, 800px\" title=\"\">\t\t\t\t\t\t\t\t\t\t\t\t\t\t\t<\/div>\n\t\t\t\t<\/div>\n\t\t\t\t<\/div>\n\t\t<div class=\"elementor-element elementor-element-4c6c7900 e-con-full e-flex e-con e-child\" data-id=\"4c6c7900\" data-element_type=\"container\" data-e-type=\"container\" data-settings=\"{&quot;jet_parallax_layout_list&quot;:[]}\">\n\t\t\t\t<div class=\"elementor-element elementor-element-abb5997 elementor-invisible elementor-widget elementor-widget-image\" data-id=\"abb5997\" data-element_type=\"widget\" data-e-type=\"widget\" data-settings=\"{&quot;_animation&quot;:&quot;fadeIn&quot;,&quot;_animation_delay&quot;:400}\" data-widget_type=\"image.default\">\n\t\t\t\t<div class=\"elementor-widget-container\">\n\t\t\t\t\t\t\t\t\t\t\t\t\t\t\t<img decoding=\"async\" width=\"683\" height=\"1024\" src=\"https:\/\/cafebrasseriecapital.nl\/wp-content\/uploads\/2025\/03\/202502-Capital-MaisonRowena-33-683x1024.jpg\" class=\"attachment-large size-large wp-image-790\" alt=\"\" srcset=\"https:\/\/cafebrasseriecapital.nl\/wp-content\/uploads\/2025\/03\/202502-Capital-MaisonRowena-33-683x1024.jpg 683w, https:\/\/cafebrasseriecapital.nl\/wp-content\/uploads\/2025\/03\/202502-Capital-MaisonRowena-33-200x300.jpg 200w, https:\/\/cafebrasseriecapital.nl\/wp-content\/uploads\/2025\/03\/202502-Capital-MaisonRowena-33-768x1152.jpg 768w, https:\/\/cafebrasseriecapital.nl\/wp-content\/uploads\/2025\/03\/202502-Capital-MaisonRowena-33-1024x1536.jpg 1024w, https:\/\/cafebrasseriecapital.nl\/wp-content\/uploads\/2025\/03\/202502-Capital-MaisonRowena-33-8x12.jpg 8w, https:\/\/cafebrasseriecapital.nl\/wp-content\/uploads\/2025\/03\/202502-Capital-MaisonRowena-33.jpg 1067w\" sizes=\"(max-width: 683px) 100vw, 683px\" title=\"\">\t\t\t\t\t\t\t\t\t\t\t\t\t\t\t<\/div>\n\t\t\t\t<\/div>\n\t\t\t\t<\/div>\n\t\t\t\t<\/div>\n\t\t\t\t\t<\/div>\n\t\t\t\t<\/div>\n\t\t\t\t<\/div>","protected":false},"excerpt":{"rendered":"<p>CHAMBRE CAPITAL Speciaal voor groepen Trots presenteren wij onze prachtige vernieuwde ruimte op de eerste verdieping van Capital Maastricht. Een stijlvolle en intieme setting, perfect voor exclusieve diners met een select gezelschap of zakelijke (lunch)bijeenkomsten. Onze ruimte is van alle gemakken voorzien en leent zich uitstekend voor zowel de zakelijke markt als voor vrienden, familie [&hellip;]<\/p>\n","protected":false},"author":1,"featured_media":0,"parent":0,"menu_order":0,"comment_status":"closed","ping_status":"closed","template":"elementor_header_footer","meta":{"footnotes":""},"class_list":["post-398","page","type-page","status-publish","hentry"],"_links":{"self":[{"href":"https:\/\/cafebrasseriecapital.nl\/fr\/wp-json\/wp\/v2\/pages\/398","targetHints":{"allow":["GET"]}}],"collection":[{"href":"https:\/\/cafebrasseriecapital.nl\/fr\/wp-json\/wp\/v2\/pages"}],"about":[{"href":"https:\/\/cafebrasseriecapital.nl\/fr\/wp-json\/wp\/v2\/types\/page"}],"author":[{"embeddable":true,"href":"https:\/\/cafebrasseriecapital.nl\/fr\/wp-json\/wp\/v2\/users\/1"}],"replies":[{"embeddable":true,"href":"https:\/\/cafebrasseriecapital.nl\/fr\/wp-json\/wp\/v2\/comments?post=398"}],"version-history":[{"count":19,"href":"https:\/\/cafebrasseriecapital.nl\/fr\/wp-json\/wp\/v2\/pages\/398\/revisions"}],"predecessor-version":[{"id":794,"href":"https:\/\/cafebrasseriecapital.nl\/fr\/wp-json\/wp\/v2\/pages\/398\/revisions\/794"}],"wp:attachment":[{"href":"https:\/\/cafebrasseriecapital.nl\/fr\/wp-json\/wp\/v2\/media?parent=398"}],"curies":[{"name":"wp","href":"https:\/\/api.w.org\/{rel}","templated":true}]}}